{"id":537,"date":"2014-12-04T05:21:15","date_gmt":"2014-12-04T05:21:15","guid":{"rendered":"http:\/\/bookiebird.com\/?page_id=537"},"modified":"2026-02-23T00:07:19","modified_gmt":"2026-02-23T00:07:19","slug":"nha","status":"publish","type":"page","link":"https:\/\/bookiebird.com\/vi\/","title":{"rendered":"nh\u00e0"},"content":{"rendered":"<h1> Ch\u00e0o m\u1eebng b\u1ea1n \u0111\u1ebfn si\u00eau nh\u00e0 c\u00e1i <\/ h1><\/p>\n<div style=\"font-size:18px;\">\n<p> Super nh\u00e0 c\u00e1i \u0111\u1eb7t c\u01b0\u1ee3c th\u1ec3 thao ph\u1ee5c v\u1ee5 b\u1eb1ng c\u00e1ch cung c\u1ea5p x\u1ebfp h\u1ea1ng v\u00e0 khuy\u1ebfn ngh\u1ecb d\u1ef1a tr\u00ean \u0111\u00e1nh gi\u00e1 c\u1ee7a h\u00e0ng tr\u0103m sportsbooks tr\u1ef1c tuy\u1ebfn. Trang web n\u00e0y c\u0169ng c\u00f4ng b\u1ed1 b\u00e1o c\u00e1o v\u1ec1 t\u00ednh n\u0103ng sportsbook nh\u01b0 d\u1ecbch v\u1ee5 kh\u00e1ch h\u00e0ng, \u01b0u \u0111\u00e3i v\u00e0 gi\u00e1 c\u1ea3 c\u01b0\u1ee3c. C\u00e1c nh\u00e2n vi\u00ean SportsbookReview cung c\u1ea5p d\u1ecbch v\u1ee5 gi\u1ea3i quy\u1ebft tranh ch\u1ea5p mi\u1ec5n ph\u00ed. <\/ P><\/p>\n<p> Website du kh\u00e1ch c\u00f3 th\u1ec3 truy c\u1eadp \u0111\u1ec3 x\u1ebfp h\u1ea1ng c\u1ee7a Super nh\u00e0 c\u00e1i thi\u00ean sportsbook v\u00e0 \u0111\u1ec1 xu\u1ea5t, b\u00e1o c\u00e1o h\u00e0ng ng\u00e0y, m\u1ed9t kho l\u01b0u tr\u1eef t\u00ecm ki\u1ebfm \u0111\u01b0\u1ee3c trong n\u0103m n\u0103m qua c\u1ee7a tin t\u1ee9c v\u00e0 x\u1ebfp h\u1ea1ng, h\u01b0\u1edbng d\u1eabn quy\u1ebft \u0111\u1ecbnh to\u00e0n di\u1ec7n, kh\u1ea3 n\u0103ng tham gia v\u00e0o c\u00e1c cu\u1ed9c th\u1ea3o lu\u1eadn player, truy c\u1eadp \u0111\u1ec3 \u0111\u00e1nh gi\u00e1 c\u1ea7u th\u1ee7, v\u00e0 m\u1ed9t nh\u00e2n vi\u00ean to\u00e0n th\u1eddi gian h\u1ed7 tr\u1ee3 cung c\u1ea5p b\u1ea3y ng\u00e0y m\u1ed7i tu\u1ea7n. <\/ p>\n<\/div>\n","protected":false},"excerpt":{"rendered":"<p>Ch\u00e0o m\u1eebng b\u1ea1n \u0111\u1ebfn si\u00eau nh\u00e0 c\u00e1i Super nh\u00e0 c\u00e1i \u0111\u1eb7t c\u01b0\u1ee3c th\u1ec3 thao ph\u1ee5c v\u1ee5 b\u1eb1ng c\u00e1ch cung c\u1ea5p x\u1ebfp h\u1ea1ng v\u00e0 khuy\u1ebfn ngh\u1ecb d\u1ef1a tr\u00ean \u0111\u00e1nh gi\u00e1 c\u1ee7a h\u00e0ng tr\u0103m sportsbooks tr\u1ef1c tuy\u1ebfn. Trang web n\u00e0y c\u0169ng c\u00f4ng b\u1ed1 b\u00e1o c\u00e1o v\u1ec1 t\u00ednh n\u0103ng sportsbook nh\u01b0 d\u1ecbch v\u1ee5 kh\u00e1ch h\u00e0ng, \u01b0u \u0111\u00e3i v\u00e0 [&hellip;]<\/p>\n","protected":false},"author":1,"featured_media":0,"parent":0,"menu_order":0,"comment_status":"open","ping_status":"open","template":"superbookies.php","meta":{"footnotes":"","_links_to":"","_links_to_target":""},"yst_prominent_words":[],"class_list":["post-537","page","type-page","status-publish","hentry"],"acf":[],"_links":{"self":[{"href":"https:\/\/bookiebird.com\/vi\/wp-json\/wp\/v2\/pages\/537","targetHints":{"allow":["GET"]}}],"collection":[{"href":"https:\/\/bookiebird.com\/vi\/wp-json\/wp\/v2\/pages"}],"about":[{"href":"https:\/\/bookiebird.com\/vi\/wp-json\/wp\/v2\/types\/page"}],"author":[{"embeddable":true,"href":"https:\/\/bookiebird.com\/vi\/wp-json\/wp\/v2\/users\/1"}],"replies":[{"embeddable":true,"href":"https:\/\/bookiebird.com\/vi\/wp-json\/wp\/v2\/comments?post=537"}],"version-history":[{"count":2,"href":"https:\/\/bookiebird.com\/vi\/wp-json\/wp\/v2\/pages\/537\/revisions"}],"predecessor-version":[{"id":568,"href":"https:\/\/bookiebird.com\/vi\/wp-json\/wp\/v2\/pages\/537\/revisions\/568"}],"wp:attachment":[{"href":"https:\/\/bookiebird.com\/vi\/wp-json\/wp\/v2\/media?parent=537"}],"wp:term":[{"taxonomy":"yst_prominent_words","embeddable":true,"href":"https:\/\/bookiebird.com\/vi\/wp-json\/wp\/v2\/yst_prominent_words?post=537"}],"curies":[{"name":"wp","href":"https:\/\/api.w.org\/{rel}","templated":true}]}}