{"id":312,"date":"2014-11-13T09:22:05","date_gmt":"2014-11-13T09:22:05","guid":{"rendered":"http:\/\/bookiebird.com\/?page_id=312"},"modified":"2026-02-23T00:07:33","modified_gmt":"2026-02-23T00:07:33","slug":"casa","status":"publish","type":"page","link":"https:\/\/bookiebird.com\/es\/","title":{"rendered":"casa"},"content":{"rendered":"<h1> Bienvenido a Super Bookies <\/ h1><\/p>\n<div style=\"font-size:18px;\">\n<p>Super Bookies sirve el apostador deportivo, ofreciendo calificaciones y recomendaciones basadas en las evaluaciones de los cientos de apuestas en l\u00ednea. El sitio web tambi\u00e9n publica informes sobre las caracter\u00edsticas de apuestas tales como servicio al cliente, los incentivos y los precios apuesta. El personal SportsbookReview ofrece un servicio de resoluci\u00f3n de disputas libre. <\/p>\n<p>Visitantes del sitio web tienen acceso a las calificaciones de las S\u00faper Bookies imparciales de apuestas y recomendaciones, informes diarios, un archivo de b\u00fasqueda de los \u00faltimos cinco a\u00f1os de noticias y clasificaciones, gu\u00edas decisi\u00f3n global, la capacidad de participar en las discusiones de los jugadores, el acceso a los comentarios de los jugadores, y un personal de tiempo completo que ofrece asistencia siete d\u00edas de la semana.\n<\/p><\/div>\n","protected":false},"excerpt":{"rendered":"<p>Bienvenido a Super Bookies Super Bookies sirve el apostador deportivo, ofreciendo calificaciones y recomendaciones basadas en las evaluaciones de los cientos de apuestas en l\u00ednea. El sitio web tambi\u00e9n publica informes sobre las caracter\u00edsticas de apuestas tales como servicio al cliente, los incentivos y los precios apuesta. El personal SportsbookReview ofrece un servicio de resoluci\u00f3n [&hellip;]<\/p>\n","protected":false},"author":1,"featured_media":0,"parent":0,"menu_order":0,"comment_status":"open","ping_status":"open","template":"superbookies.php","meta":{"footnotes":"","_links_to":"","_links_to_target":""},"yst_prominent_words":[],"class_list":["post-312","page","type-page","status-publish","hentry"],"acf":[],"_links":{"self":[{"href":"https:\/\/bookiebird.com\/es\/wp-json\/wp\/v2\/pages\/312","targetHints":{"allow":["GET"]}}],"collection":[{"href":"https:\/\/bookiebird.com\/es\/wp-json\/wp\/v2\/pages"}],"about":[{"href":"https:\/\/bookiebird.com\/es\/wp-json\/wp\/v2\/types\/page"}],"author":[{"embeddable":true,"href":"https:\/\/bookiebird.com\/es\/wp-json\/wp\/v2\/users\/1"}],"replies":[{"embeddable":true,"href":"https:\/\/bookiebird.com\/es\/wp-json\/wp\/v2\/comments?post=312"}],"version-history":[{"count":8,"href":"https:\/\/bookiebird.com\/es\/wp-json\/wp\/v2\/pages\/312\/revisions"}],"predecessor-version":[{"id":560,"href":"https:\/\/bookiebird.com\/es\/wp-json\/wp\/v2\/pages\/312\/revisions\/560"}],"wp:attachment":[{"href":"https:\/\/bookiebird.com\/es\/wp-json\/wp\/v2\/media?parent=312"}],"wp:term":[{"taxonomy":"yst_prominent_words","embeddable":true,"href":"https:\/\/bookiebird.com\/es\/wp-json\/wp\/v2\/yst_prominent_words?post=312"}],"curies":[{"name":"wp","href":"https:\/\/api.w.org\/{rel}","templated":true}]}}