{"id":464,"date":"2014-12-04T04:44:51","date_gmt":"2014-12-04T04:44:51","guid":{"rendered":"http:\/\/bookiebird.com\/?page_id=464"},"modified":"2026-02-23T00:07:30","modified_gmt":"2026-02-23T00:07:30","slug":"zuhause","status":"publish","type":"page","link":"https:\/\/bookiebird.com\/de\/","title":{"rendered":"Zuhause"},"content":{"rendered":"<h1> Welcome to Super-Bookies <\/ h1><\/p>\n<div style=\"font-size:18px;\">\n<p> Super Bookies dient der Sportwetter, indem sie Bewertungen und Empfehlungen auf der Grundlage der Auswertung von Hunderten von Online-Sportwetten. Die Website ver\u00f6ffentlicht auch Berichte \u00fcber Sportwetten-Funktionen wie Kundendienst, Incentives und Wette Preisgestaltung. Die SportsbookReview Personal bietet einen kostenlosen Schlichtungsstelle. <\/ P><\/p>\n<p> Website-Besucher haben Zugang zu Super Bookies Die unvoreingenommene Sport Bewertungen und Empfehlungen, Tagesberichte, einer durchsuchbaren Archiv der letzten f\u00fcnf Jahre von Nachrichten und Bewertungen, umfassende Entscheidungsf\u00fchrern, die F\u00e4higkeit zur Teilnahme an Spieler Diskussionen, Zugang zum Player Bewertungen, und ein Vollzeit-Mitarbeiter Opfer Unterst\u00fctzung sieben Tage die Woche. <\/ p>\n<\/div>\n","protected":false},"excerpt":{"rendered":"<p>Welcome to Super-Bookies Super Bookies dient der Sportwetter, indem sie Bewertungen und Empfehlungen auf der Grundlage der Auswertung von Hunderten von Online-Sportwetten. Die Website ver\u00f6ffentlicht auch Berichte \u00fcber Sportwetten-Funktionen wie Kundendienst, Incentives und Wette Preisgestaltung. Die SportsbookReview Personal bietet einen kostenlosen Schlichtungsstelle. Website-Besucher haben Zugang zu Super Bookies Die unvoreingenommene Sport Bewertungen und Empfehlungen, Tagesberichte, [&hellip;]<\/p>\n","protected":false},"author":1,"featured_media":0,"parent":0,"menu_order":0,"comment_status":"open","ping_status":"open","template":"superbookies.php","meta":{"footnotes":"","_links_to":"","_links_to_target":""},"yst_prominent_words":[],"class_list":["post-464","page","type-page","status-publish","hentry"],"acf":[],"_links":{"self":[{"href":"https:\/\/bookiebird.com\/de\/wp-json\/wp\/v2\/pages\/464","targetHints":{"allow":["GET"]}}],"collection":[{"href":"https:\/\/bookiebird.com\/de\/wp-json\/wp\/v2\/pages"}],"about":[{"href":"https:\/\/bookiebird.com\/de\/wp-json\/wp\/v2\/types\/page"}],"author":[{"embeddable":true,"href":"https:\/\/bookiebird.com\/de\/wp-json\/wp\/v2\/users\/1"}],"replies":[{"embeddable":true,"href":"https:\/\/bookiebird.com\/de\/wp-json\/wp\/v2\/comments?post=464"}],"version-history":[{"count":2,"href":"https:\/\/bookiebird.com\/de\/wp-json\/wp\/v2\/pages\/464\/revisions"}],"predecessor-version":[{"id":550,"href":"https:\/\/bookiebird.com\/de\/wp-json\/wp\/v2\/pages\/464\/revisions\/550"}],"wp:attachment":[{"href":"https:\/\/bookiebird.com\/de\/wp-json\/wp\/v2\/media?parent=464"}],"wp:term":[{"taxonomy":"yst_prominent_words","embeddable":true,"href":"https:\/\/bookiebird.com\/de\/wp-json\/wp\/v2\/yst_prominent_words?post=464"}],"curies":[{"name":"wp","href":"https:\/\/api.w.org\/{rel}","templated":true}]}}